{"id":72,"date":"2017-11-30T13:51:28","date_gmt":"2017-11-30T13:51:28","guid":{"rendered":"http:\/\/inserch.ch\/?page_id=72"},"modified":"2024-09-04T08:25:06","modified_gmt":"2024-09-04T08:25:06","slug":"questionnaires","status":"publish","type":"page","link":"http:\/\/inserch.ch\/index.php\/questionnaires\/","title":{"rendered":"Questionnaire"},"content":{"rendered":"<p><strong>Le questionnaire INSERCH est disponible en trois langues. Les liens sont transmis aux r\u00e9pondant<em>\u00b7<\/em>e<em>\u00b7<\/em>s durant les p\u00e9riodes d&rsquo;enqu\u00eate.<\/strong><\/p>\n<ul>\n<li><strong>Fran\u00e7ais:<\/strong> Questionnaire sur l\u2019insertion professionnelle des diplom\u00e9<em>\u00b7<\/em>e<em>\u00b7<\/em>s des instituts de formation des enseignant<em>\u00b7<\/em>e<em>\u00b7<\/em>s de Suisse romande et du Tessin<\/li>\n<li><strong>Italiano:<\/strong> Questionario sull\u2019inserimento professionale dei\/delle diplomati\/e delle alte scuole pedagogiche romande e del Ticino<\/li>\n<li><strong>Deutsch:<\/strong> Fragebogen zum beruflichen Einstieg von Absolventen der p\u00e4dagogischen Hochschulen in der Westschweiz und im Tessin<\/li>\n<\/ul>\n","protected":false},"excerpt":{"rendered":"<p>Le questionnaire INSERCH est disponible en trois langues. Les liens sont transmis aux r\u00e9pondant\u00b7e\u00b7s durant les p\u00e9riodes d&rsquo;enqu\u00eate. Fran\u00e7ais: Questionnaire sur l\u2019insertion professionnelle des diplom\u00e9\u00b7e\u00b7s des instituts de formation des enseignant\u00b7e\u00b7s de Suisse romande et du Tessin Italiano: Questionario sull\u2019inserimento &hellip; <a href=\"http:\/\/inserch.ch\/index.php\/questionnaires\/\">Continuer la lecture <span class=\"meta-nav\">&rarr;<\/span><\/a><\/p>\n<div class='the_champ_sharing_container the_champ_vertical_sharing the_champ_hide_sharing the_champ_bottom_sharing' style='width:24px;left: -10px;top: 100px;-webkit-box-shadow:none;box-shadow:none;' data-super-socializer-href=\"http:\/\/inserch.ch\/index.php\/wp-json\/wp\/v2\/pages\/72\"><div class=\"the_champ_sharing_ul\"><a aria-label=\"Facebook\" class=\"the_champ_facebook\" href=\"https:\/\/www.facebook.com\/sharer\/sharer.php?u=http%3A%2F%2Finserch.ch%2Findex.php%2Fwp-json%2Fwp%2Fv2%2Fpages%2F72\" title=\"Facebook\" rel=\"nofollow noopener\" target=\"_blank\" style=\"font-size:24px!important;box-shadow:none;display:inline-block;vertical-align:middle\"><span class=\"the_champ_svg\" style=\"background-color:#0765FE;width:20px;height:20px;margin:0;display:inline-block;opacity:1;float:left;font-size:24px;box-shadow:none;display:inline-block;font-size:16px;padding:0 4px;vertical-align:middle;background-repeat:repeat;overflow:hidden;padding:0;cursor:pointer;box-sizing:content-box\"><svg style=\"display:block;\" focusable=\"false\" aria-hidden=\"true\" xmlns=\"http:\/\/www.w3.org\/2000\/svg\" width=\"100%\" height=\"100%\" viewBox=\"0 0 32 32\"><path fill=\"#fff\" d=\"M28 16c0-6.627-5.373-12-12-12S4 9.373 4 16c0 5.628 3.875 10.35 9.101 11.647v-7.98h-2.474V16H13.1v-1.58c0-4.085 1.849-5.978 5.859-5.978.76 0 2.072.15 2.608.298v3.325c-.283-.03-.775-.045-1.386-.045-1.967 0-2.728.745-2.728 2.683V16h3.92l-.673 3.667h-3.247v8.245C23.395 27.195 28 22.135 28 16Z\"><\/path><\/svg><\/span><\/a><a aria-label=\"Twitter\" class=\"the_champ_button_twitter\" href=\"https:\/\/twitter.com\/intent\/tweet?text=INSERCH%20-%20Enqu%C3%AAte%20interinstitutionnelle%20sur%20l%E2%80%99insertion%20professionnelle%20des%20nouvelles%20et%20nouveaux%20dipl%C3%B4m%C3%A9%C2%B7e%C2%B7s%20en%20enseignement&url=http%3A%2F%2Finserch.ch%2Findex.php%2Fwp-json%2Fwp%2Fv2%2Fpages%2F72\" title=\"Twitter\" rel=\"nofollow noopener\" target=\"_blank\" style=\"font-size:24px!important;box-shadow:none;display:inline-block;vertical-align:middle\"><span class=\"the_champ_svg the_champ_s__default the_champ_s_twitter\" style=\"background-color:#55acee;width:20px;height:20px;margin:0;display:inline-block;opacity:1;float:left;font-size:24px;box-shadow:none;display:inline-block;font-size:16px;padding:0 4px;vertical-align:middle;background-repeat:repeat;overflow:hidden;padding:0;cursor:pointer;box-sizing:content-box\"><svg style=\"display:block;\" focusable=\"false\" aria-hidden=\"true\" xmlns=\"http:\/\/www.w3.org\/2000\/svg\" width=\"100%\" height=\"100%\" viewBox=\"-4 -4 39 39\"><path d=\"M28 8.557a9.913 9.913 0 0 1-2.828.775 4.93 4.93 0 0 0 2.166-2.725 9.738 9.738 0 0 1-3.13 1.194 4.92 4.92 0 0 0-3.593-1.55 4.924 4.924 0 0 0-4.794 6.049c-4.09-.21-7.72-2.17-10.15-5.15a4.942 4.942 0 0 0-.665 2.477c0 1.71.87 3.214 2.19 4.1a4.968 4.968 0 0 1-2.23-.616v.06c0 2.39 1.7 4.38 3.952 4.83-.414.115-.85.174-1.297.174-.318 0-.626-.03-.928-.086a4.935 4.935 0 0 0 4.6 3.42 9.893 9.893 0 0 1-6.114 2.107c-.398 0-.79-.023-1.175-.068a13.953 13.953 0 0 0 7.55 2.213c9.056 0 14.01-7.507 14.01-14.013 0-.213-.005-.426-.015-.637.96-.695 1.795-1.56 2.455-2.55z\" fill=\"#fff\"><\/path><\/svg><\/span><\/a><a aria-label=\"Linkedin\" class=\"the_champ_button_linkedin\" href=\"https:\/\/www.linkedin.com\/sharing\/share-offsite\/?url=http%3A%2F%2Finserch.ch%2Findex.php%2Fwp-json%2Fwp%2Fv2%2Fpages%2F72\" title=\"Linkedin\" rel=\"nofollow noopener\" target=\"_blank\" style=\"font-size:24px!important;box-shadow:none;display:inline-block;vertical-align:middle\"><span class=\"the_champ_svg the_champ_s__default the_champ_s_linkedin\" style=\"background-color:#0077b5;width:20px;height:20px;margin:0;display:inline-block;opacity:1;float:left;font-size:24px;box-shadow:none;display:inline-block;font-size:16px;padding:0 4px;vertical-align:middle;background-repeat:repeat;overflow:hidden;padding:0;cursor:pointer;box-sizing:content-box\"><svg style=\"display:block;\" focusable=\"false\" aria-hidden=\"true\" xmlns=\"http:\/\/www.w3.org\/2000\/svg\" width=\"100%\" height=\"100%\" viewBox=\"0 0 32 32\"><path d=\"M6.227 12.61h4.19v13.48h-4.19V12.61zm2.095-6.7a2.43 2.43 0 0 1 0 4.86c-1.344 0-2.428-1.09-2.428-2.43s1.084-2.43 2.428-2.43m4.72 6.7h4.02v1.84h.058c.56-1.058 1.927-2.176 3.965-2.176 4.238 0 5.02 2.792 5.02 6.42v7.395h-4.183v-6.56c0-1.564-.03-3.574-2.178-3.574-2.18 0-2.514 1.7-2.514 3.46v6.668h-4.187V12.61z\" fill=\"#fff\"><\/path><\/svg><\/span><\/a><a aria-label=\"Whatsapp\" class=\"the_champ_whatsapp\" href=\"https:\/\/api.whatsapp.com\/send?text=INSERCH%20-%20Enqu%C3%AAte%20interinstitutionnelle%20sur%20l%E2%80%99insertion%20professionnelle%20des%20nouvelles%20et%20nouveaux%20dipl%C3%B4m%C3%A9%C2%B7e%C2%B7s%20en%20enseignement http%3A%2F%2Finserch.ch%2Findex.php%2Fwp-json%2Fwp%2Fv2%2Fpages%2F72\" title=\"Whatsapp\" rel=\"nofollow noopener\" target=\"_blank\" style=\"font-size:24px!important;box-shadow:none;display:inline-block;vertical-align:middle\"><span class=\"the_champ_svg\" style=\"background-color:#55eb4c;width:20px;height:20px;margin:0;display:inline-block;opacity:1;float:left;font-size:24px;box-shadow:none;display:inline-block;font-size:16px;padding:0 4px;vertical-align:middle;background-repeat:repeat;overflow:hidden;padding:0;cursor:pointer;box-sizing:content-box\"><svg style=\"display:block;\" focusable=\"false\" aria-hidden=\"true\" xmlns=\"http:\/\/www.w3.org\/2000\/svg\" width=\"100%\" height=\"100%\" viewBox=\"-6 -5 40 40\"><path class=\"the_champ_svg_stroke the_champ_no_fill\" stroke=\"#fff\" stroke-width=\"2\" fill=\"none\" d=\"M 11.579798566743314 24.396926207859085 A 10 10 0 1 0 6.808479557110079 20.73576436351046\"><\/path><path d=\"M 7 19 l -1 6 l 6 -1\" class=\"the_champ_no_fill the_champ_svg_stroke\" stroke=\"#fff\" stroke-width=\"2\" fill=\"none\"><\/path><path d=\"M 10 10 q -1 8 8 11 c 5 -1 0 -6 -1 -3 q -4 -3 -5 -5 c 4 -2 -1 -5 -1 -4\" fill=\"#fff\"><\/path><\/svg><\/span><\/a><a class=\"the_champ_more\" title=\"More\" rel=\"nofollow noopener\" style=\"font-size:24px!important;border:0;box-shadow:none;display:inline-block!important;font-size:16px;padding:0 4px;vertical-align: middle;display:inline;\" href=\"http:\/\/inserch.ch\/index.php\/wp-json\/wp\/v2\/pages\/72\" onclick=\"event.preventDefault()\"><span class=\"the_champ_svg\" style=\"background-color:#ee8e2d;width:20px;height:20px;margin:0;display:inline-block!important;opacity:1;float:left;font-size:32px!important;box-shadow:none;display:inline-block;font-size:16px;padding:0 4px;vertical-align:middle;display:inline;background-repeat:repeat;overflow:hidden;padding:0;cursor:pointer;box-sizing:content-box;\" onclick=\"theChampMoreSharingPopup(this, 'http:\/\/inserch.ch\/index.php\/wp-json\/wp\/v2\/pages\/72', 'INSERCH%20-%20Enqu%C3%AAte%20interinstitutionnelle%20sur%20l%E2%80%99insertion%20professionnelle%20des%20nouvelles%20et%20nouveaux%20dipl%C3%B4m%C3%A9%C2%B7e%C2%B7s%20en%20enseignement', '' )\"><svg xmlns=\"http:\/\/www.w3.org\/2000\/svg\" xmlns:xlink=\"http:\/\/www.w3.org\/1999\/xlink\" viewBox=\"-.3 0 32 32\" version=\"1.1\" width=\"100%\" height=\"100%\" style=\"display:block;\" xml:space=\"preserve\"><g><path fill=\"#fff\" d=\"M18 14V8h-4v6H8v4h6v6h4v-6h6v-4h-6z\" fill-rule=\"evenodd\"><\/path><\/g><\/svg><\/span><\/a><\/div><\/div>","protected":false},"author":2,"featured_media":0,"parent":0,"menu_order":2,"comment_status":"closed","ping_status":"closed","template":"","meta":{"footnotes":""},"class_list":["post-72","page","type-page","status-publish","hentry"],"_links":{"self":[{"href":"http:\/\/inserch.ch\/index.php\/wp-json\/wp\/v2\/pages\/72","targetHints":{"allow":["GET"]}}],"collection":[{"href":"http:\/\/inserch.ch\/index.php\/wp-json\/wp\/v2\/pages"}],"about":[{"href":"http:\/\/inserch.ch\/index.php\/wp-json\/wp\/v2\/types\/page"}],"author":[{"embeddable":true,"href":"http:\/\/inserch.ch\/index.php\/wp-json\/wp\/v2\/users\/2"}],"replies":[{"embeddable":true,"href":"http:\/\/inserch.ch\/index.php\/wp-json\/wp\/v2\/comments?post=72"}],"version-history":[{"count":12,"href":"http:\/\/inserch.ch\/index.php\/wp-json\/wp\/v2\/pages\/72\/revisions"}],"predecessor-version":[{"id":258,"href":"http:\/\/inserch.ch\/index.php\/wp-json\/wp\/v2\/pages\/72\/revisions\/258"}],"wp:attachment":[{"href":"http:\/\/inserch.ch\/index.php\/wp-json\/wp\/v2\/media?parent=72"}],"curies":[{"name":"wp","href":"https:\/\/api.w.org\/{rel}","templated":true}]}}